{"id":2150,"date":"2025-07-15T23:27:30","date_gmt":"2025-07-15T23:27:30","guid":{"rendered":"https:\/\/tahircivan.com\/?page_id=2150"},"modified":"2025-07-23T13:02:24","modified_gmt":"2025-07-23T13:02:24","slug":"zaman","status":"publish","type":"page","link":"https:\/\/tahircivan.com\/?page_id=2150","title":{"rendered":"Zaman"},"content":{"rendered":"\t\t<div data-elementor-type=\"wp-page\" data-elementor-id=\"2150\" class=\"elementor elementor-2150\">\n\t\t\t\t\t\t\t\t\t<section class=\"elementor-section elementor-top-section elementor-element elementor-element-4a17cf7 elementor-section-boxed elementor-section-height-default elementor-section-height-default\" data-id=\"4a17cf7\" data-element_type=\"section\">\n\t\t\t\t\t\t<div class=\"elementor-container elementor-column-gap-default\">\n\t\t\t\t\t<div class=\"elementor-column elementor-col-100 elementor-top-column elementor-element elementor-element-c789264\" data-id=\"c789264\" data-element_type=\"column\">\n\t\t\t<div class=\"elementor-widget-wrap\">\n\t\t\t\t\t\t\t\t\t<\/div>\n\t\t<\/div>\n\t\t\t\t\t\t\t<\/div>\n\t\t<\/section>\n\t\t\t\t<section class=\"elementor-section elementor-top-section elementor-element elementor-element-4b7377a elementor-section-boxed elementor-section-height-default elementor-section-height-default\" data-id=\"4b7377a\" data-element_type=\"section\">\n\t\t\t\t\t\t<div class=\"elementor-container elementor-column-gap-default\">\n\t\t\t\t\t<div class=\"elementor-column elementor-col-33 elementor-top-column elementor-element elementor-element-5d7951c\" data-id=\"5d7951c\" data-element_type=\"column\">\n\t\t\t<div class=\"elementor-widget-wrap elementor-element-populated\">\n\t\t\t\t\t\t\t\t<div class=\"elementor-element elementor-element-88dad4e animated-slow elementor-invisible elementor-widget elementor-widget-image\" data-id=\"88dad4e\" data-element_type=\"widget\" data-settings=\"{&quot;_animation&quot;:&quot;fadeIn&quot;}\" data-widget_type=\"image.default\">\n\t\t\t\t<div class=\"elementor-widget-container\">\n\t\t\t<style>\/*! elementor - v3.7.4 - 31-08-2022 *\/\n.elementor-widget-image{text-align:center}.elementor-widget-image a{display:inline-block}.elementor-widget-image a img[src$=\".svg\"]{width:48px}.elementor-widget-image img{vertical-align:middle;display:inline-block}<\/style>\t\t\t\t\t\t\t\t\t\t\t\t<img width=\"768\" height=\"1024\" src=\"https:\/\/tahircivan.com\/wp-content\/uploads\/2025\/07\/WhatsApp-Image-2025-07-16-at-00.12.29-1-768x1024.jpeg\" class=\"attachment-medium_large size-medium_large\" alt=\"\" loading=\"lazy\" srcset=\"https:\/\/tahircivan.com\/wp-content\/uploads\/2025\/07\/WhatsApp-Image-2025-07-16-at-00.12.29-1-768x1024.jpeg 768w, https:\/\/tahircivan.com\/wp-content\/uploads\/2025\/07\/WhatsApp-Image-2025-07-16-at-00.12.29-1-225x300.jpeg 225w, https:\/\/tahircivan.com\/wp-content\/uploads\/2025\/07\/WhatsApp-Image-2025-07-16-at-00.12.29-1.jpeg 1024w\" sizes=\"(max-width: 768px) 100vw, 768px\" \/>\t\t\t\t\t\t\t\t\t\t\t\t\t\t\t<\/div>\n\t\t\t\t<\/div>\n\t\t\t\t\t<\/div>\n\t\t<\/div>\n\t\t\t\t<div class=\"elementor-column elementor-col-66 elementor-top-column elementor-element elementor-element-72b047b\" data-id=\"72b047b\" data-element_type=\"column\">\n\t\t\t<div class=\"elementor-widget-wrap elementor-element-populated\">\n\t\t\t\t\t\t\t\t<div class=\"elementor-element elementor-element-0ecbdaf elementor-widget elementor-widget-heading\" data-id=\"0ecbdaf\" data-element_type=\"widget\" data-widget_type=\"heading.default\">\n\t\t\t\t<div class=\"elementor-widget-container\">\n\t\t\t<style>\/*! elementor - v3.7.4 - 31-08-2022 *\/\n.elementor-heading-title{padding:0;margin:0;line-height:1}.elementor-widget-heading .elementor-heading-title[class*=elementor-size-]>a{color:inherit;font-size:inherit;line-height:inherit}.elementor-widget-heading .elementor-heading-title.elementor-size-small{font-size:15px}.elementor-widget-heading .elementor-heading-title.elementor-size-medium{font-size:19px}.elementor-widget-heading .elementor-heading-title.elementor-size-large{font-size:29px}.elementor-widget-heading .elementor-heading-title.elementor-size-xl{font-size:39px}.elementor-widget-heading .elementor-heading-title.elementor-size-xxl{font-size:59px}<\/style><h2 class=\"elementor-heading-title elementor-size-default\">Uzun Zaman Sonra<\/h2>\t\t<\/div>\n\t\t\t\t<\/div>\n\t\t\t\t<section class=\"elementor-section elementor-inner-section elementor-element elementor-element-a96e629 elementor-section-boxed elementor-section-height-default elementor-section-height-default\" data-id=\"a96e629\" data-element_type=\"section\">\n\t\t\t\t\t\t<div class=\"elementor-container elementor-column-gap-default\">\n\t\t\t\t\t<div class=\"elementor-column elementor-col-100 elementor-inner-column elementor-element elementor-element-c126629\" data-id=\"c126629\" data-element_type=\"column\">\n\t\t\t<div class=\"elementor-widget-wrap elementor-element-populated\">\n\t\t\t\t\t\t\t\t<div class=\"elementor-element elementor-element-9c2dc1c elementor-widget elementor-widget-text-editor\" data-id=\"9c2dc1c\" data-element_type=\"widget\" data-widget_type=\"text-editor.default\">\n\t\t\t\t<div class=\"elementor-widget-container\">\n\t\t\t<style>\/*! elementor - v3.7.4 - 31-08-2022 *\/\n.elementor-widget-text-editor.elementor-drop-cap-view-stacked .elementor-drop-cap{background-color:#818a91;color:#fff}.elementor-widget-text-editor.elementor-drop-cap-view-framed .elementor-drop-cap{color:#818a91;border:3px solid;background-color:transparent}.elementor-widget-text-editor:not(.elementor-drop-cap-view-default) .elementor-drop-cap{margin-top:8px}.elementor-widget-text-editor:not(.elementor-drop-cap-view-default) .elementor-drop-cap-letter{width:1em;height:1em}.elementor-widget-text-editor .elementor-drop-cap{float:left;text-align:center;line-height:1;font-size:50px}.elementor-widget-text-editor .elementor-drop-cap-letter{display:inline-block}<\/style>\t\t\t\t<p><span style=\"font-style: inherit; color: #584d66; font-family: Lora, serif;\">Zaman\u0131n\u00a0<\/span><span style=\"font-size: 1rem;\">\u00e7<\/span><span style=\"font-style: inherit; font-weight: inherit;\">ark\u0131n\u0131 dinleyince ba\u015flar hayat.<br \/><\/span><span style=\"font-style: inherit; color: #584d66; font-family: Lora, serif;\">Sonra tesad\u00fcfen durur bir yerde. <br \/>\u00c7arklar\u0131n aras\u0131nda s\u0131k\u0131\u015f\u0131p kalm\u0131\u015ft\u0131r d\u00fc\u015f\u00fcncelerin <br \/>Orman\u0131n aras\u0131nda u\u00e7suz bucaks\u0131z yolda varmak istedi\u011fin o alt\u0131n sar\u0131s\u0131 sahile bakarken. <\/span><\/p>\n<p>Bir kay\u0131s\u0131 \u00e7ekirde\u011finden \u00e7\u0131kan iki tohum anlamana yard\u0131mc\u0131 olur. <br \/>Hayat tesad\u00fcflerden ibaret de\u011fil der, bal\u0131k\u00e7\u0131l ku\u015flar\u0131&#8230; <br \/>Sonra onlar da g\u00f6\u00e7 eder. <br \/>Hen\u00fcz daha hasret bile gideremeden.<\/p>\n<p>Yine akan sulara bakt\u0131m bir k\u00f6pr\u00fcn\u00fcn \u00fcst\u00fcnden ge\u00e7erken.<br data-start=\"55\" data-end=\"58\" \/>Sevdikleri denize kavu\u015fmak isteyen bal\u0131klar\u0131 g\u00f6rd\u00fcm.<br data-start=\"110\" data-end=\"113\" \/>Ak\u0131nt\u0131y\u0131 takip ederken.<br data-start=\"136\" data-end=\"139\" \/>&#8220;Olmaz,&#8221; dedim, &#8220;ben gelemem\u2026 ak\u0131nt\u0131ya kar\u015f\u0131 y\u00fczmem gerekirken.&#8221;<br \/><br data-start=\"203\" data-end=\"206\" \/>Onlar giderler, onlar\u0131 da seyrederim.<br data-start=\"243\" data-end=\"246\" \/>Bari, derim, elimden bir ar\u0131 tutsa,<br data-start=\"281\" data-end=\"284\" \/><span style=\"font-style: inherit; color: #584d66; font-family: Lora, serif;\">\u00c7<\/span>i\u00e7eklerin en g\u00fczel yerlerinden al\u0131p, beni yuvas\u0131na g\u00f6t\u00fcrse\u2026<br data-start=\"344\" data-end=\"347\" \/>\u0130sterim, \u00e7ocuklu\u011fumun \u00e7izgi filmlerini izler gibi.<br data-start=\"397\" data-end=\"400\" \/>Zaman h\u0131zl\u0131 ge\u00e7er, bitmesin istediklerin, h\u0131zl\u0131 biter.<br data-start=\"454\" data-end=\"457\" \/>Sonra aniden zaman\u0131n \u00e7arklar\u0131n\u0131 yeniden duyars\u0131n\u2026<br data-start=\"506\" data-end=\"509\" \/>Hayat\u0131n, akrebin iki k\u0131skac\u0131 aras\u0131nda oldu\u011funu anlad\u0131\u011f\u0131n zaman.<\/p>\t\t\t\t\t\t<\/div>\n\t\t\t\t<\/div>\n\t\t\t\t\t<\/div>\n\t\t<\/div>\n\t\t\t\t\t\t\t<\/div>\n\t\t<\/section>\n\t\t\t\t\t<\/div>\n\t\t<\/div>\n\t\t\t\t\t\t\t<\/div>\n\t\t<\/section>\n\t\t\t\t<section class=\"elementor-section elementor-top-section elementor-element elementor-element-64b6c10 elementor-section-boxed elementor-section-height-default elementor-section-height-default\" data-id=\"64b6c10\" data-element_type=\"section\">\n\t\t\t\t\t\t<div class=\"elementor-container elementor-column-gap-default\">\n\t\t\t\t\t<div class=\"elementor-column elementor-col-100 elementor-top-column elementor-element elementor-element-162b107\" data-id=\"162b107\" data-element_type=\"column\">\n\t\t\t<div class=\"elementor-widget-wrap elementor-element-populated\">\n\t\t\t\t\t\t\t\t<div class=\"elementor-element elementor-element-d3e770f elementor-widget elementor-widget-audio\" data-id=\"d3e770f\" data-element_type=\"widget\" data-widget_type=\"audio.default\">\n\t\t\t\t<div class=\"elementor-widget-container\">\n\t\t\t\t\t\t<div class=\"elementor-soundcloud-wrapper\">\n\t\t\t\t<iframe loading=\"lazy\" width=\"500\" height=\"200\" frameborder=\"no\" src=\"https:\/\/w.soundcloud.com\/player\/?visual=false&#038;url=https%3A%2F%2Fapi.soundcloud.com%2Ftracks%2F857897371&#038;show_artwork=true&#038;maxheight=750&#038;maxwidth=500&#038;auto_play=false&#038;buying=true&#038;liking=true&#038;download=true&#038;sharing=true&#038;show_comments=true&#038;show_playcount=true&#038;show_user=true&#038;color\"><\/iframe>\t\t\t<\/div>\n\t\t\t\t\t<\/div>\n\t\t\t\t<\/div>\n\t\t\t\t\t<\/div>\n\t\t<\/div>\n\t\t\t\t\t\t\t<\/div>\n\t\t<\/section>\n\t\t\t\t<section class=\"elementor-section elementor-top-section elementor-element elementor-element-978cf8a elementor-section-boxed elementor-section-height-default elementor-section-height-default\" data-id=\"978cf8a\" data-element_type=\"section\">\n\t\t\t\t\t\t<div class=\"elementor-container elementor-column-gap-default\">\n\t\t\t\t\t<div class=\"elementor-column elementor-col-100 elementor-top-column elementor-element elementor-element-b937fce\" data-id=\"b937fce\" data-element_type=\"column\">\n\t\t\t<div class=\"elementor-widget-wrap\">\n\t\t\t\t\t\t\t\t\t<\/div>\n\t\t<\/div>\n\t\t\t\t\t\t\t<\/div>\n\t\t<\/section>\n\t\t\t\t<section class=\"elementor-section elementor-top-section elementor-element elementor-element-05574ed elementor-section-boxed elementor-section-height-default elementor-section-height-default\" data-id=\"05574ed\" data-element_type=\"section\">\n\t\t\t\t\t\t<div class=\"elementor-container elementor-column-gap-default\">\n\t\t\t\t\t<div class=\"elementor-column elementor-col-100 elementor-top-column elementor-element elementor-element-b1e6b14\" data-id=\"b1e6b14\" data-element_type=\"column\">\n\t\t\t<div class=\"elementor-widget-wrap elementor-element-populated\">\n\t\t\t\t\t\t\t\t<div class=\"elementor-element elementor-element-57a81ea elementor-widget elementor-widget-text-editor\" data-id=\"57a81ea\" data-element_type=\"widget\" data-widget_type=\"text-editor.default\">\n\t\t\t\t<div class=\"elementor-widget-container\">\n\t\t\t\t\t\t\t\t\t\t\t\t\t<\/div>\n\t\t\t\t<\/div>\n\t\t\t\t\t<\/div>\n\t\t<\/div>\n\t\t\t\t\t\t\t<\/div>\n\t\t<\/section>\n\t\t\t\t<section class=\"elementor-section elementor-top-section elementor-element elementor-element-7ef4733 elementor-section-content-middle elementor-section-boxed elementor-section-height-default elementor-section-height-default\" data-id=\"7ef4733\" data-element_type=\"section\">\n\t\t\t\t\t\t<div class=\"elementor-container elementor-column-gap-default\">\n\t\t\t\t\t<div class=\"elementor-column elementor-col-50 elementor-top-column elementor-element elementor-element-c9158dc\" data-id=\"c9158dc\" data-element_type=\"column\">\n\t\t\t<div class=\"elementor-widget-wrap elementor-element-populated\">\n\t\t\t\t\t\t\t\t<div class=\"elementor-element elementor-element-44401fa elementor-widget elementor-widget-image\" data-id=\"44401fa\" data-element_type=\"widget\" data-widget_type=\"image.default\">\n\t\t\t\t<div class=\"elementor-widget-container\">\n\t\t\t\t\t\t\t\t\t\t\t\t\t\t\t<img width=\"768\" height=\"1147\" src=\"https:\/\/tahircivan.com\/wp-content\/uploads\/2025\/07\/lake-herons-nature-flowers-retro-vintage-9247285-768x1147.jpg\" class=\"attachment-medium_large size-medium_large\" alt=\"lake, herons, nature, flowers, retro, vintage-9247285.jpg\" loading=\"lazy\" srcset=\"https:\/\/tahircivan.com\/wp-content\/uploads\/2025\/07\/lake-herons-nature-flowers-retro-vintage-9247285-768x1147.jpg 768w, https:\/\/tahircivan.com\/wp-content\/uploads\/2025\/07\/lake-herons-nature-flowers-retro-vintage-9247285-201x300.jpg 201w, https:\/\/tahircivan.com\/wp-content\/uploads\/2025\/07\/lake-herons-nature-flowers-retro-vintage-9247285-686x1024.jpg 686w, https:\/\/tahircivan.com\/wp-content\/uploads\/2025\/07\/lake-herons-nature-flowers-retro-vintage-9247285.jpg 857w\" sizes=\"(max-width: 768px) 100vw, 768px\" \/>\t\t\t\t\t\t\t\t\t\t\t\t\t\t\t<\/div>\n\t\t\t\t<\/div>\n\t\t\t\t\t<\/div>\n\t\t<\/div>\n\t\t\t\t<div class=\"elementor-column elementor-col-50 elementor-top-column elementor-element elementor-element-04651ee\" data-id=\"04651ee\" data-element_type=\"column\">\n\t\t\t<div class=\"elementor-widget-wrap elementor-element-populated\">\n\t\t\t\t\t\t\t\t<div class=\"elementor-element elementor-element-c724d2a elementor-widget elementor-widget-text-editor\" data-id=\"c724d2a\" data-element_type=\"widget\" data-widget_type=\"text-editor.default\">\n\t\t\t\t<div class=\"elementor-widget-container\">\n\t\t\t\t\t\t\t<h3 data-start=\"107\" data-end=\"132\"><strong data-start=\"111\" data-end=\"132\">The Wheel of Time<\/strong><\/h3>\n<p data-start=\"134\" data-end=\"363\">Life begins when you listen to the wheel of time.<br data-start=\"183\" data-end=\"186\" \/>Then, suddenly, it stops by chance, in some place.<br data-start=\"236\" data-end=\"239\" \/>Your thoughts get stuck between the cogs,<br data-start=\"280\" data-end=\"283\" \/>As you gaze toward that golden shore<br data-start=\"319\" data-end=\"322\" \/>Along a boundless path within the forest.<\/p>\n<p data-start=\"365\" data-end=\"570\">Two seeds from a single apricot pit<br data-start=\"400\" data-end=\"403\" \/>Help you understand.<br data-start=\"423\" data-end=\"426\" \/>\u201cLife is not made of coincidences,\u201d say<br data-start=\"465\" data-end=\"468\" \/>The herons&#8230;<br data-start=\"481\" data-end=\"484\" \/>And then they, too, migrate<br data-start=\"512\" data-end=\"515\" \/>Before you\u2019ve even had the chance to ease your longing.<\/p>\n<p data-start=\"572\" data-end=\"766\">Again, I watched the flowing waters<br data-start=\"607\" data-end=\"610\" \/>While crossing a bridge.<br data-start=\"634\" data-end=\"637\" \/>Fish that long to reach the sea<br data-start=\"668\" data-end=\"671\" \/>Follow the current.<br data-start=\"690\" data-end=\"693\" \/>\u201cNo,\u201d I said,<br data-start=\"706\" data-end=\"709\" \/>\u201cI can\u2019t come<br data-start=\"723\" data-end=\"726\" \/>Not while I must swim against the flow.\u201d<\/p>\n<p data-start=\"768\" data-end=\"960\">They go,<br data-start=\"776\" data-end=\"779\" \/>And I simply watch them.<br data-start=\"803\" data-end=\"806\" \/>I say:<br data-start=\"812\" data-end=\"815\" \/>If only a bee could grab my hand,<br data-start=\"848\" data-end=\"851\" \/>Take me from the sweetest flowers,<br data-start=\"885\" data-end=\"888\" \/>And carry me home<br data-start=\"906\" data-end=\"909\" \/>As if I were watching the cartoons of my childhood.<\/p>\n<p><\/p>\n<p data-start=\"962\" data-end=\"1181\">Time passes quickly.<br data-start=\"982\" data-end=\"985\" \/>The things you don\u2019t want to end<br data-start=\"1017\" data-end=\"1020\" \/>Are the first to fade.<br data-start=\"1042\" data-end=\"1045\" \/>Then, suddenly,<br data-start=\"1060\" data-end=\"1063\" \/>You hear the wheel of time once more&#8230;<br data-start=\"1102\" data-end=\"1105\" \/>When you realize<br data-start=\"1121\" data-end=\"1124\" \/>That life lies<br data-start=\"1138\" data-end=\"1141\" \/>Between the pincers of the clock\u2019s hand.<\/p>\t\t\t\t\t\t<\/div>\n\t\t\t\t<\/div>\n\t\t\t\t\t<\/div>\n\t\t<\/div>\n\t\t\t\t\t\t\t<\/div>\n\t\t<\/section>\n\t\t\t\t\t\t\t<\/div>\n\t\t","protected":false},"excerpt":{"rendered":"<p>Uzun Zaman Sonra Zaman\u0131n\u00a0\u00e7ark\u0131n\u0131 dinleyince ba\u015flar hayat.Sonra tesad\u00fcfen durur bir yerde. \u00c7arklar\u0131n aras\u0131nda s\u0131k\u0131\u015f\u0131p kalm\u0131\u015ft\u0131r d\u00fc\u015f\u00fcncelerin Orman\u0131n aras\u0131nda u\u00e7suz bucaks\u0131z yolda varmak istedi\u011fin o alt\u0131n sar\u0131s\u0131 sahile bakarken. Bir kay\u0131s\u0131 \u00e7ekirde\u011finden \u00e7\u0131kan iki tohum anlamana yard\u0131mc\u0131 olur. Hayat tesad\u00fcflerden ibaret de\u011fil der, bal\u0131k\u00e7\u0131l ku\u015flar\u0131&#8230; Sonra onlar da g\u00f6\u00e7 eder. Hen\u00fcz daha hasret bile gideremeden. Yine &hellip;<\/p>\n<p class=\"read-more\"> <a class=\"\" href=\"https:\/\/tahircivan.com\/?page_id=2150\"> <span class=\"screen-reader-text\">Zaman<\/span> Read More &raquo;<\/a><\/p>\n","protected":false},"author":1,"featured_media":0,"parent":0,"menu_order":0,"comment_status":"closed","ping_status":"closed","template":"","meta":{"om_disable_all_campaigns":false,"_monsterinsights_skip_tracking":false,"_monsterinsights_sitenote_active":false,"_monsterinsights_sitenote_note":"","_monsterinsights_sitenote_category":0,"site-sidebar-layout":"no-sidebar","site-content-layout":"page-builder","ast-global-header-display":"","ast-main-header-display":"","ast-hfb-above-header-display":"","ast-hfb-below-header-display":"","ast-hfb-mobile-header-display":"","site-post-title":"disabled","ast-breadcrumbs-content":"","ast-featured-img":"disabled","footer-sml-layout":"","theme-transparent-header-meta":"","adv-header-id-meta":"","stick-header-meta":"","header-above-stick-meta":"","header-main-stick-meta":"","header-below-stick-meta":""},"aioseo_notices":[],"yoast_head":"<!-- This site is optimized with the Yoast SEO plugin v19.6.1 - https:\/\/yoast.com\/wordpress\/plugins\/seo\/ -->\n<title>Zaman - Tahir Civan<\/title>\n<meta name=\"description\" content=\"Zaman\u0131n \u00e7ark\u0131n\u0131 dinleyince ba\u015flar hayat.Sonra tesad\u00fcfen durur bir yerde.\u00c7arklar\u0131n aras\u0131nda s\u0131k\u0131\u015f\u0131p kalm\u0131\u015ft\u0131r d\u00fc\u015f\u00fcncelerinOrman\u0131n aras\u0131nda u\u00e7suz bucaks\u0131z yolda varmak istedi\u011fin o alt\u0131n sar\u0131s\u0131 sahile bakarken.\" \/>\n<meta name=\"robots\" content=\"index, follow, max-snippet:-1, max-image-preview:large, max-video-preview:-1\" \/>\n<link rel=\"canonical\" href=\"https:\/\/tahircivan.com\/?page_id=2150\" \/>\n<meta property=\"og:locale\" content=\"en_GB\" \/>\n<meta property=\"og:type\" content=\"article\" \/>\n<meta property=\"og:title\" content=\"Zaman - Tahir Civan\" \/>\n<meta property=\"og:description\" content=\"Zaman\u0131n \u00e7ark\u0131n\u0131 dinleyince ba\u015flar hayat.Sonra tesad\u00fcfen durur bir yerde.\u00c7arklar\u0131n aras\u0131nda s\u0131k\u0131\u015f\u0131p kalm\u0131\u015ft\u0131r d\u00fc\u015f\u00fcncelerinOrman\u0131n aras\u0131nda u\u00e7suz bucaks\u0131z yolda varmak istedi\u011fin o alt\u0131n sar\u0131s\u0131 sahile bakarken.\" \/>\n<meta property=\"og:url\" content=\"https:\/\/tahircivan.com\/?page_id=2150\" \/>\n<meta property=\"og:site_name\" content=\"Tahir Civan\" \/>\n<meta property=\"article:modified_time\" content=\"2025-07-23T13:02:24+00:00\" \/>\n<meta property=\"og:image\" content=\"http:\/\/tahircivan.com\/wp-content\/uploads\/2025\/07\/lake-herons-nature-flowers-retro-vintage-9247285.jpg\" \/>\n\t<meta property=\"og:image:width\" content=\"857\" \/>\n\t<meta property=\"og:image:height\" content=\"1280\" \/>\n\t<meta property=\"og:image:type\" content=\"image\/jpeg\" \/>\n<meta name=\"twitter:card\" content=\"summary_large_image\" \/>\n<meta name=\"twitter:image\" content=\"https:\/\/tahircivan.com\/wp-content\/uploads\/2025\/07\/lake-herons-nature-flowers-retro-vintage-9247285.jpg\" \/>\n<meta name=\"twitter:label1\" content=\"Estimated reading time\" \/>\n\t<meta name=\"twitter:data1\" content=\"2 minutes\" \/>\n<script type=\"application\/ld+json\" class=\"yoast-schema-graph\">{\"@context\":\"https:\/\/schema.org\",\"@graph\":[{\"@type\":\"WebPage\",\"@id\":\"https:\/\/tahircivan.com\/?page_id=2150\",\"url\":\"https:\/\/tahircivan.com\/?page_id=2150\",\"name\":\"Zaman - Tahir Civan\",\"isPartOf\":{\"@id\":\"https:\/\/tahircivan.com\/#website\"},\"datePublished\":\"2025-07-15T23:27:30+00:00\",\"dateModified\":\"2025-07-23T13:02:24+00:00\",\"description\":\"Zaman\u0131n \u00e7ark\u0131n\u0131 dinleyince ba\u015flar hayat.Sonra tesad\u00fcfen durur bir yerde.\u00c7arklar\u0131n aras\u0131nda s\u0131k\u0131\u015f\u0131p kalm\u0131\u015ft\u0131r d\u00fc\u015f\u00fcncelerinOrman\u0131n aras\u0131nda u\u00e7suz bucaks\u0131z yolda varmak istedi\u011fin o alt\u0131n sar\u0131s\u0131 sahile bakarken.\",\"breadcrumb\":{\"@id\":\"https:\/\/tahircivan.com\/?page_id=2150#breadcrumb\"},\"inLanguage\":\"en-GB\",\"potentialAction\":[{\"@type\":\"ReadAction\",\"target\":[\"https:\/\/tahircivan.com\/?page_id=2150\"]}]},{\"@type\":\"BreadcrumbList\",\"@id\":\"https:\/\/tahircivan.com\/?page_id=2150#breadcrumb\",\"itemListElement\":[{\"@type\":\"ListItem\",\"position\":1,\"name\":\"Home\",\"item\":\"https:\/\/tahircivan.com\/\"},{\"@type\":\"ListItem\",\"position\":2,\"name\":\"Zaman\"}]},{\"@type\":\"WebSite\",\"@id\":\"https:\/\/tahircivan.com\/#website\",\"url\":\"https:\/\/tahircivan.com\/\",\"name\":\"Tahir Civan\",\"description\":\"Software Engineer specialising in 3D Technologies\",\"publisher\":{\"@id\":\"https:\/\/tahircivan.com\/#organization\"},\"potentialAction\":[{\"@type\":\"SearchAction\",\"target\":{\"@type\":\"EntryPoint\",\"urlTemplate\":\"https:\/\/tahircivan.com\/?s={search_term_string}\"},\"query-input\":\"required name=search_term_string\"}],\"inLanguage\":\"en-GB\"},{\"@type\":\"Organization\",\"@id\":\"https:\/\/tahircivan.com\/#organization\",\"name\":\"Tahir Civan\",\"url\":\"https:\/\/tahircivan.com\/\",\"sameAs\":[],\"logo\":{\"@type\":\"ImageObject\",\"inLanguage\":\"en-GB\",\"@id\":\"https:\/\/tahircivan.com\/#\/schema\/logo\/image\/\",\"url\":\"https:\/\/tahircivan.com\/wp-content\/uploads\/2022\/09\/illusion-geometry-3d-151039.png\",\"contentUrl\":\"https:\/\/tahircivan.com\/wp-content\/uploads\/2022\/09\/illusion-geometry-3d-151039.png\",\"width\":1280,\"height\":1116,\"caption\":\"Tahir Civan\"},\"image\":{\"@id\":\"https:\/\/tahircivan.com\/#\/schema\/logo\/image\/\"}}]}<\/script>\n<!-- \/ Yoast SEO plugin. -->","yoast_head_json":{"title":"Zaman - Tahir Civan","description":"Zaman\u0131n \u00e7ark\u0131n\u0131 dinleyince ba\u015flar hayat.Sonra tesad\u00fcfen durur bir yerde.\u00c7arklar\u0131n aras\u0131nda s\u0131k\u0131\u015f\u0131p kalm\u0131\u015ft\u0131r d\u00fc\u015f\u00fcncelerinOrman\u0131n aras\u0131nda u\u00e7suz bucaks\u0131z yolda varmak istedi\u011fin o alt\u0131n sar\u0131s\u0131 sahile bakarken.","robots":{"index":"index","follow":"follow","max-snippet":"max-snippet:-1","max-image-preview":"max-image-preview:large","max-video-preview":"max-video-preview:-1"},"canonical":"https:\/\/tahircivan.com\/?page_id=2150","og_locale":"en_GB","og_type":"article","og_title":"Zaman - Tahir Civan","og_description":"Zaman\u0131n \u00e7ark\u0131n\u0131 dinleyince ba\u015flar hayat.Sonra tesad\u00fcfen durur bir yerde.\u00c7arklar\u0131n aras\u0131nda s\u0131k\u0131\u015f\u0131p kalm\u0131\u015ft\u0131r d\u00fc\u015f\u00fcncelerinOrman\u0131n aras\u0131nda u\u00e7suz bucaks\u0131z yolda varmak istedi\u011fin o alt\u0131n sar\u0131s\u0131 sahile bakarken.","og_url":"https:\/\/tahircivan.com\/?page_id=2150","og_site_name":"Tahir Civan","article_modified_time":"2025-07-23T13:02:24+00:00","og_image":[{"width":857,"height":1280,"url":"http:\/\/tahircivan.com\/wp-content\/uploads\/2025\/07\/lake-herons-nature-flowers-retro-vintage-9247285.jpg","type":"image\/jpeg"}],"twitter_card":"summary_large_image","twitter_image":"https:\/\/tahircivan.com\/wp-content\/uploads\/2025\/07\/lake-herons-nature-flowers-retro-vintage-9247285.jpg","twitter_misc":{"Estimated reading time":"2 minutes"},"schema":{"@context":"https:\/\/schema.org","@graph":[{"@type":"WebPage","@id":"https:\/\/tahircivan.com\/?page_id=2150","url":"https:\/\/tahircivan.com\/?page_id=2150","name":"Zaman - Tahir Civan","isPartOf":{"@id":"https:\/\/tahircivan.com\/#website"},"datePublished":"2025-07-15T23:27:30+00:00","dateModified":"2025-07-23T13:02:24+00:00","description":"Zaman\u0131n \u00e7ark\u0131n\u0131 dinleyince ba\u015flar hayat.Sonra tesad\u00fcfen durur bir yerde.\u00c7arklar\u0131n aras\u0131nda s\u0131k\u0131\u015f\u0131p kalm\u0131\u015ft\u0131r d\u00fc\u015f\u00fcncelerinOrman\u0131n aras\u0131nda u\u00e7suz bucaks\u0131z yolda varmak istedi\u011fin o alt\u0131n sar\u0131s\u0131 sahile bakarken.","breadcrumb":{"@id":"https:\/\/tahircivan.com\/?page_id=2150#breadcrumb"},"inLanguage":"en-GB","potentialAction":[{"@type":"ReadAction","target":["https:\/\/tahircivan.com\/?page_id=2150"]}]},{"@type":"BreadcrumbList","@id":"https:\/\/tahircivan.com\/?page_id=2150#breadcrumb","itemListElement":[{"@type":"ListItem","position":1,"name":"Home","item":"https:\/\/tahircivan.com\/"},{"@type":"ListItem","position":2,"name":"Zaman"}]},{"@type":"WebSite","@id":"https:\/\/tahircivan.com\/#website","url":"https:\/\/tahircivan.com\/","name":"Tahir Civan","description":"Software Engineer specialising in 3D Technologies","publisher":{"@id":"https:\/\/tahircivan.com\/#organization"},"potentialAction":[{"@type":"SearchAction","target":{"@type":"EntryPoint","urlTemplate":"https:\/\/tahircivan.com\/?s={search_term_string}"},"query-input":"required name=search_term_string"}],"inLanguage":"en-GB"},{"@type":"Organization","@id":"https:\/\/tahircivan.com\/#organization","name":"Tahir Civan","url":"https:\/\/tahircivan.com\/","sameAs":[],"logo":{"@type":"ImageObject","inLanguage":"en-GB","@id":"https:\/\/tahircivan.com\/#\/schema\/logo\/image\/","url":"https:\/\/tahircivan.com\/wp-content\/uploads\/2022\/09\/illusion-geometry-3d-151039.png","contentUrl":"https:\/\/tahircivan.com\/wp-content\/uploads\/2022\/09\/illusion-geometry-3d-151039.png","width":1280,"height":1116,"caption":"Tahir Civan"},"image":{"@id":"https:\/\/tahircivan.com\/#\/schema\/logo\/image\/"}}]}},"_links":{"self":[{"href":"https:\/\/tahircivan.com\/index.php?rest_route=\/wp\/v2\/pages\/2150"}],"collection":[{"href":"https:\/\/tahircivan.com\/index.php?rest_route=\/wp\/v2\/pages"}],"about":[{"href":"https:\/\/tahircivan.com\/index.php?rest_route=\/wp\/v2\/types\/page"}],"author":[{"embeddable":true,"href":"https:\/\/tahircivan.com\/index.php?rest_route=\/wp\/v2\/users\/1"}],"replies":[{"embeddable":true,"href":"https:\/\/tahircivan.com\/index.php?rest_route=%2Fwp%2Fv2%2Fcomments&post=2150"}],"version-history":[{"count":59,"href":"https:\/\/tahircivan.com\/index.php?rest_route=\/wp\/v2\/pages\/2150\/revisions"}],"predecessor-version":[{"id":2227,"href":"https:\/\/tahircivan.com\/index.php?rest_route=\/wp\/v2\/pages\/2150\/revisions\/2227"}],"wp:attachment":[{"href":"https:\/\/tahircivan.com\/index.php?rest_route=%2Fwp%2Fv2%2Fmedia&parent=2150"}],"curies":[{"name":"wp","href":"https:\/\/api.w.org\/{rel}","templated":true}]}}