{"id":1527,"date":"2022-09-04T21:08:27","date_gmt":"2022-09-04T21:08:27","guid":{"rendered":"https:\/\/tahircivan.com\/?page_id=1527"},"modified":"2022-09-05T10:29:26","modified_gmt":"2022-09-05T10:29:26","slug":"2021-avrupa-yolculugum","status":"publish","type":"page","link":"https:\/\/tahircivan.com\/?page_id=1527","title":{"rendered":"2021 Avrupa Yolculu\u011fum."},"content":{"rendered":"\n<p>Bilmem bu ka\u00e7\u0131nc\u0131 sefer,<br>\u00c7\u0131kt\u0131\u011f\u0131m yollar\u0131n sonu kendime varacak san\u0131yorum.<br>Kara kulenin alt\u0131nda kara kapl\u0131 defterin sayfalar\u0131 s\u00fct kokarken.<br>Barok binalardan gelen ge\u00e7mi\u015fin yank\u0131nlar\u0131n\u0131 duyuyorum.<br>Okudu\u011fum masalarda prensesler y\u00fcksek kulelerde ya\u015fard\u0131.<br>Bu sefer masallara inan\u0131yorum.<br>Hep ka\u00e7mak isterdim yabanc\u0131 \u015fehirlerden ve insanlardan.<br>Bu sefer ben yabanc\u0131y\u0131m \u015fehirlere ve insanlara.<br>Ve bu sefer ka\u00e7acak yer kalmad\u0131.<br>Bir r\u00fcyaya dald\u0131m burda.<br>Ama Akdenizin dalgalar\u0131 vurduk\u00e7a her seferinde k\u0131y\u0131lara.<br>Ben yabanc\u0131la\u015f\u0131yorum kendime.<\/p>\n","protected":false},"excerpt":{"rendered":"<p>Bilmem bu ka\u00e7\u0131nc\u0131 sefer,\u00c7\u0131kt\u0131\u011f\u0131m yollar\u0131n sonu kendime varacak san\u0131yorum.Kara kulenin alt\u0131nda kara kapl\u0131 defterin sayfalar\u0131 s\u00fct kokarken.Barok binalardan gelen ge\u00e7mi\u015fin yank\u0131nlar\u0131n\u0131 duyuyorum.Okudu\u011fum masalarda prensesler y\u00fcksek kulelerde ya\u015fard\u0131.Bu sefer masallara inan\u0131yorum.Hep ka\u00e7mak isterdim yabanc\u0131 \u015fehirlerden ve insanlardan.Bu sefer ben yabanc\u0131y\u0131m \u015fehirlere ve insanlara.Ve bu sefer ka\u00e7acak yer kalmad\u0131.Bir r\u00fcyaya dald\u0131m burda.Ama Akdenizin dalgalar\u0131 vurduk\u00e7a her seferinde &hellip;<\/p>\n<p class=\"read-more\"> <a class=\"\" href=\"https:\/\/tahircivan.com\/?page_id=1527\"> <span class=\"screen-reader-text\">2021 Avrupa Yolculu\u011fum.<\/span> Read More &raquo;<\/a><\/p>\n","protected":false},"author":1,"featured_media":0,"parent":17,"menu_order":0,"comment_status":"open","ping_status":"closed","template":"","meta":{"om_disable_all_campaigns":false,"_monsterinsights_skip_tracking":false,"_monsterinsights_sitenote_active":false,"_monsterinsights_sitenote_note":"","_monsterinsights_sitenote_category":0,"site-sidebar-layout":"default","site-content-layout":"default","ast-global-header-display":"","ast-main-header-display":"","ast-hfb-above-header-display":"","ast-hfb-below-header-display":"","ast-hfb-mobile-header-display":"","site-post-title":"","ast-breadcrumbs-content":"","ast-featured-img":"","footer-sml-layout":"","theme-transparent-header-meta":"","adv-header-id-meta":"","stick-header-meta":"","header-above-stick-meta":"","header-main-stick-meta":"","header-below-stick-meta":""},"aioseo_notices":[],"yoast_head":"<!-- This site is optimized with the Yoast SEO plugin v19.6.1 - https:\/\/yoast.com\/wordpress\/plugins\/seo\/ -->\n<title>2021 Avrupa Yolculu\u011fum. - Tahir Civan<\/title>\n<meta name=\"robots\" content=\"index, follow, max-snippet:-1, max-image-preview:large, max-video-preview:-1\" \/>\n<link rel=\"canonical\" href=\"https:\/\/tahircivan.com\/?page_id=1527\" \/>\n<meta property=\"og:locale\" content=\"en_GB\" \/>\n<meta property=\"og:type\" content=\"article\" \/>\n<meta property=\"og:title\" content=\"2021 Avrupa Yolculu\u011fum. - Tahir Civan\" \/>\n<meta property=\"og:description\" content=\"Bilmem bu ka\u00e7\u0131nc\u0131 sefer,\u00c7\u0131kt\u0131\u011f\u0131m yollar\u0131n sonu kendime varacak san\u0131yorum.Kara kulenin alt\u0131nda kara kapl\u0131 defterin sayfalar\u0131 s\u00fct kokarken.Barok binalardan gelen ge\u00e7mi\u015fin yank\u0131nlar\u0131n\u0131 duyuyorum.Okudu\u011fum masalarda prensesler y\u00fcksek kulelerde ya\u015fard\u0131.Bu sefer masallara inan\u0131yorum.Hep ka\u00e7mak isterdim yabanc\u0131 \u015fehirlerden ve insanlardan.Bu sefer ben yabanc\u0131y\u0131m \u015fehirlere ve insanlara.Ve bu sefer ka\u00e7acak yer kalmad\u0131.Bir r\u00fcyaya dald\u0131m burda.Ama Akdenizin dalgalar\u0131 vurduk\u00e7a her seferinde &hellip; 2021 Avrupa Yolculu\u011fum. Read More &raquo;\" \/>\n<meta property=\"og:url\" content=\"https:\/\/tahircivan.com\/?page_id=1527\" \/>\n<meta property=\"og:site_name\" content=\"Tahir Civan\" \/>\n<meta property=\"article:modified_time\" content=\"2022-09-05T10:29:26+00:00\" \/>\n<meta name=\"twitter:card\" content=\"summary_large_image\" \/>\n<script type=\"application\/ld+json\" class=\"yoast-schema-graph\">{\"@context\":\"https:\/\/schema.org\",\"@graph\":[{\"@type\":\"WebPage\",\"@id\":\"https:\/\/tahircivan.com\/?page_id=1527\",\"url\":\"https:\/\/tahircivan.com\/?page_id=1527\",\"name\":\"2021 Avrupa Yolculu\u011fum. - Tahir Civan\",\"isPartOf\":{\"@id\":\"https:\/\/tahircivan.com\/#website\"},\"datePublished\":\"2022-09-04T21:08:27+00:00\",\"dateModified\":\"2022-09-05T10:29:26+00:00\",\"breadcrumb\":{\"@id\":\"https:\/\/tahircivan.com\/?page_id=1527#breadcrumb\"},\"inLanguage\":\"en-GB\",\"potentialAction\":[{\"@type\":\"ReadAction\",\"target\":[\"https:\/\/tahircivan.com\/?page_id=1527\"]}]},{\"@type\":\"BreadcrumbList\",\"@id\":\"https:\/\/tahircivan.com\/?page_id=1527#breadcrumb\",\"itemListElement\":[{\"@type\":\"ListItem\",\"position\":1,\"name\":\"Home\",\"item\":\"https:\/\/tahircivan.com\/\"},{\"@type\":\"ListItem\",\"position\":2,\"name\":\"BLOG\",\"item\":\"https:\/\/tahircivan.com\/\"},{\"@type\":\"ListItem\",\"position\":3,\"name\":\"2021 Avrupa Yolculu\u011fum.\"}]},{\"@type\":\"WebSite\",\"@id\":\"https:\/\/tahircivan.com\/#website\",\"url\":\"https:\/\/tahircivan.com\/\",\"name\":\"Tahir Civan\",\"description\":\"Software Engineer specialising in 3D Technologies\",\"publisher\":{\"@id\":\"https:\/\/tahircivan.com\/#organization\"},\"potentialAction\":[{\"@type\":\"SearchAction\",\"target\":{\"@type\":\"EntryPoint\",\"urlTemplate\":\"https:\/\/tahircivan.com\/?s={search_term_string}\"},\"query-input\":\"required name=search_term_string\"}],\"inLanguage\":\"en-GB\"},{\"@type\":\"Organization\",\"@id\":\"https:\/\/tahircivan.com\/#organization\",\"name\":\"Tahir Civan\",\"url\":\"https:\/\/tahircivan.com\/\",\"sameAs\":[],\"logo\":{\"@type\":\"ImageObject\",\"inLanguage\":\"en-GB\",\"@id\":\"https:\/\/tahircivan.com\/#\/schema\/logo\/image\/\",\"url\":\"https:\/\/tahircivan.com\/wp-content\/uploads\/2022\/09\/illusion-geometry-3d-151039.png\",\"contentUrl\":\"https:\/\/tahircivan.com\/wp-content\/uploads\/2022\/09\/illusion-geometry-3d-151039.png\",\"width\":1280,\"height\":1116,\"caption\":\"Tahir Civan\"},\"image\":{\"@id\":\"https:\/\/tahircivan.com\/#\/schema\/logo\/image\/\"}}]}<\/script>\n<!-- \/ Yoast SEO plugin. -->","yoast_head_json":{"title":"2021 Avrupa Yolculu\u011fum. - Tahir Civan","robots":{"index":"index","follow":"follow","max-snippet":"max-snippet:-1","max-image-preview":"max-image-preview:large","max-video-preview":"max-video-preview:-1"},"canonical":"https:\/\/tahircivan.com\/?page_id=1527","og_locale":"en_GB","og_type":"article","og_title":"2021 Avrupa Yolculu\u011fum. - Tahir Civan","og_description":"Bilmem bu ka\u00e7\u0131nc\u0131 sefer,\u00c7\u0131kt\u0131\u011f\u0131m yollar\u0131n sonu kendime varacak san\u0131yorum.Kara kulenin alt\u0131nda kara kapl\u0131 defterin sayfalar\u0131 s\u00fct kokarken.Barok binalardan gelen ge\u00e7mi\u015fin yank\u0131nlar\u0131n\u0131 duyuyorum.Okudu\u011fum masalarda prensesler y\u00fcksek kulelerde ya\u015fard\u0131.Bu sefer masallara inan\u0131yorum.Hep ka\u00e7mak isterdim yabanc\u0131 \u015fehirlerden ve insanlardan.Bu sefer ben yabanc\u0131y\u0131m \u015fehirlere ve insanlara.Ve bu sefer ka\u00e7acak yer kalmad\u0131.Bir r\u00fcyaya dald\u0131m burda.Ama Akdenizin dalgalar\u0131 vurduk\u00e7a her seferinde &hellip; 2021 Avrupa Yolculu\u011fum. Read More &raquo;","og_url":"https:\/\/tahircivan.com\/?page_id=1527","og_site_name":"Tahir Civan","article_modified_time":"2022-09-05T10:29:26+00:00","twitter_card":"summary_large_image","schema":{"@context":"https:\/\/schema.org","@graph":[{"@type":"WebPage","@id":"https:\/\/tahircivan.com\/?page_id=1527","url":"https:\/\/tahircivan.com\/?page_id=1527","name":"2021 Avrupa Yolculu\u011fum. - Tahir Civan","isPartOf":{"@id":"https:\/\/tahircivan.com\/#website"},"datePublished":"2022-09-04T21:08:27+00:00","dateModified":"2022-09-05T10:29:26+00:00","breadcrumb":{"@id":"https:\/\/tahircivan.com\/?page_id=1527#breadcrumb"},"inLanguage":"en-GB","potentialAction":[{"@type":"ReadAction","target":["https:\/\/tahircivan.com\/?page_id=1527"]}]},{"@type":"BreadcrumbList","@id":"https:\/\/tahircivan.com\/?page_id=1527#breadcrumb","itemListElement":[{"@type":"ListItem","position":1,"name":"Home","item":"https:\/\/tahircivan.com\/"},{"@type":"ListItem","position":2,"name":"BLOG","item":"https:\/\/tahircivan.com\/"},{"@type":"ListItem","position":3,"name":"2021 Avrupa Yolculu\u011fum."}]},{"@type":"WebSite","@id":"https:\/\/tahircivan.com\/#website","url":"https:\/\/tahircivan.com\/","name":"Tahir Civan","description":"Software Engineer specialising in 3D Technologies","publisher":{"@id":"https:\/\/tahircivan.com\/#organization"},"potentialAction":[{"@type":"SearchAction","target":{"@type":"EntryPoint","urlTemplate":"https:\/\/tahircivan.com\/?s={search_term_string}"},"query-input":"required name=search_term_string"}],"inLanguage":"en-GB"},{"@type":"Organization","@id":"https:\/\/tahircivan.com\/#organization","name":"Tahir Civan","url":"https:\/\/tahircivan.com\/","sameAs":[],"logo":{"@type":"ImageObject","inLanguage":"en-GB","@id":"https:\/\/tahircivan.com\/#\/schema\/logo\/image\/","url":"https:\/\/tahircivan.com\/wp-content\/uploads\/2022\/09\/illusion-geometry-3d-151039.png","contentUrl":"https:\/\/tahircivan.com\/wp-content\/uploads\/2022\/09\/illusion-geometry-3d-151039.png","width":1280,"height":1116,"caption":"Tahir Civan"},"image":{"@id":"https:\/\/tahircivan.com\/#\/schema\/logo\/image\/"}}]}},"_links":{"self":[{"href":"https:\/\/tahircivan.com\/index.php?rest_route=\/wp\/v2\/pages\/1527"}],"collection":[{"href":"https:\/\/tahircivan.com\/index.php?rest_route=\/wp\/v2\/pages"}],"about":[{"href":"https:\/\/tahircivan.com\/index.php?rest_route=\/wp\/v2\/types\/page"}],"author":[{"embeddable":true,"href":"https:\/\/tahircivan.com\/index.php?rest_route=\/wp\/v2\/users\/1"}],"replies":[{"embeddable":true,"href":"https:\/\/tahircivan.com\/index.php?rest_route=%2Fwp%2Fv2%2Fcomments&post=1527"}],"version-history":[{"count":1,"href":"https:\/\/tahircivan.com\/index.php?rest_route=\/wp\/v2\/pages\/1527\/revisions"}],"predecessor-version":[{"id":1528,"href":"https:\/\/tahircivan.com\/index.php?rest_route=\/wp\/v2\/pages\/1527\/revisions\/1528"}],"up":[{"embeddable":true,"href":"https:\/\/tahircivan.com\/index.php?rest_route=\/wp\/v2\/pages\/17"}],"wp:attachment":[{"href":"https:\/\/tahircivan.com\/index.php?rest_route=%2Fwp%2Fv2%2Fmedia&parent=1527"}],"curies":[{"name":"wp","href":"https:\/\/api.w.org\/{rel}","templated":true}]}}